{"id":2,"date":"2023-08-20T19:46:54","date_gmt":"2023-08-20T22:46:54","guid":{"rendered":"http:\/\/ep360.com.br\/?page_id=2"},"modified":"2023-09-08T15:57:13","modified_gmt":"2023-09-08T18:57:13","slug":"pagina-exemplo","status":"publish","type":"page","link":"https:\/\/ep360.com.br\/","title":{"rendered":"Home"},"content":{"rendered":"\n<h2 class=\"wp-block-heading has-vivid-red-color has-text-color\">ESTAMOS EM CONSTRU\u00c7\u00c3O &#8211; LOGO ATUALIZAREMOS O SITE<\/h2>\n\n\n\n<p class=\"has-text-align-left\">Voc\u00ea j\u00e1 imaginou mostrar seu projeto arquitet\u00f4nico, im\u00f3vel, loja, Airbnb ou qualquer outro lugar sem sair de casa?   Saiba que voc\u00ea pode fazer isso de forma f\u00e1cil, basta entrar em contato conosco que criaremos o tour virtual para voc\u00ea.<\/p>\n\n\n\n<p class=\"has-text-align-left\">Mostrar seu projeto arquitet\u00f4nico ou im\u00f3vel em detalhes para seu cliente, com a possibilidade de incluir descri\u00e7\u00e3o de m\u00f3veis, materiais utilizados e outras informa\u00e7\u00f5es. \u00c9 poss\u00edvel, ainda, incluir links que levem a sites ou documentos com maiores detalhes sobre o planejamento ou a constru\u00e7\u00e3o. <\/p>\n\n\n\n<p class=\"has-text-align-left\">Com as fotos 360 graus, seu cliente viver\u00e1 uma imers\u00e3o incr\u00edvel,  ele se sentir\u00e1 parte do ambiente do seu im\u00f3vel, e, ainda, caso tenho dispon\u00edvel um \u00f3culos VR, ter\u00e1 uma imers\u00e3o total.  E voc\u00ea pode visualizar quantas vezes quiser!&nbsp;<\/p>\n\n\n\n<p>Compartilhe seu tour com seus clientes, amigos ou familiares. N\u00e3o perca tempo, entre em contato conosco. Voc\u00ea vai se surpreender com o que podemos oferecer.<\/p>\n\n\n\n<p>Exemplo do que pode ser feito:<\/p>\n\n\n\n<div class=\"wp-block-columns is-layout-flex wp-container-core-columns-is-layout-28f84493 wp-block-columns-is-layout-flex\">\n<div class=\"wp-block-column is-layout-flow wp-block-column-is-layout-flow\">\n<figure class=\"wp-block-image size-full is-resized\"><a href=\"https:\/\/ep360.com.br\/index.php\/2023\/09\/08\/sauve-arquitetura\/\"><img loading=\"lazy\" decoding=\"async\" src=\"http:\/\/ep360.com.br\/wp-content\/uploads\/2023\/09\/Captura-de-tela-2023-09-08-143603.png\" alt=\"\" class=\"wp-image-292\" style=\"width:339px;height:189px\" width=\"339\" height=\"189\" srcset=\"https:\/\/ep360.com.br\/wp-content\/uploads\/2023\/09\/Captura-de-tela-2023-09-08-143603.png 875w, https:\/\/ep360.com.br\/wp-content\/uploads\/2023\/09\/Captura-de-tela-2023-09-08-143603-300x167.png 300w, https:\/\/ep360.com.br\/wp-content\/uploads\/2023\/09\/Captura-de-tela-2023-09-08-143603-768x428.png 768w\" sizes=\"auto, (max-width: 339px) 100vw, 339px\" \/><\/a><\/figure>\n\n\n\n<h2 class=\"wp-block-heading has-text-align-center\">PROJETOS<\/h2>\n<\/div>\n\n\n\n<div class=\"wp-block-column is-layout-flow wp-block-column-is-layout-flow\">\n<figure class=\"wp-block-image aligncenter size-full is-resized\"><a href=\"https:\/\/ep360.com.br\/index.php\/2023\/09\/01\/residencial-garbo\/\"><img loading=\"lazy\" decoding=\"async\" src=\"http:\/\/ep360.com.br\/wp-content\/uploads\/2023\/09\/Captura-de-tela-2023-09-08-155341.png\" alt=\"\" class=\"wp-image-320\" style=\"width:328px;height:190px\" width=\"328\" height=\"190\" srcset=\"https:\/\/ep360.com.br\/wp-content\/uploads\/2023\/09\/Captura-de-tela-2023-09-08-155341.png 726w, https:\/\/ep360.com.br\/wp-content\/uploads\/2023\/09\/Captura-de-tela-2023-09-08-155341-300x174.png 300w\" sizes=\"auto, (max-width: 328px) 100vw, 328px\" \/><\/a><\/figure>\n\n\n\n<h2 class=\"wp-block-heading has-text-align-center\">IM\u00d3VEIS<\/h2>\n<\/div>\n\n\n\n<div class=\"wp-block-column is-layout-flow wp-block-column-is-layout-flow\">\n<figure class=\"wp-block-image size-large\"><img loading=\"lazy\" decoding=\"async\" width=\"1024\" height=\"576\" src=\"http:\/\/ep360.com.br\/wp-content\/uploads\/2023\/08\/ep_com_br-1024x576.png\" alt=\"\" class=\"wp-image-150\" srcset=\"https:\/\/ep360.com.br\/wp-content\/uploads\/2023\/08\/ep_com_br-1024x576.png 1024w, https:\/\/ep360.com.br\/wp-content\/uploads\/2023\/08\/ep_com_br-300x169.png 300w, https:\/\/ep360.com.br\/wp-content\/uploads\/2023\/08\/ep_com_br-768x432.png 768w, https:\/\/ep360.com.br\/wp-content\/uploads\/2023\/08\/ep_com_br-1536x864.png 1536w, https:\/\/ep360.com.br\/wp-content\/uploads\/2023\/08\/ep_com_br.png 1920w\" sizes=\"auto, (max-width: 1024px) 100vw, 1024px\" \/><\/figure>\n\n\n\n<h2 class=\"wp-block-heading has-text-align-center\">PARCEIROS<\/h2>\n<\/div>\n<\/div>\n","protected":false},"excerpt":{"rendered":"<p>ESTAMOS EM CONSTRU\u00c7\u00c3O &#8211; LOGO ATUALIZAREMOS O SITE Voc\u00ea j\u00e1 imaginou mostrar seu projeto arquitet\u00f4nico, im\u00f3vel, loja, Airbnb ou qualquer outro lugar sem sair de casa? Saiba que voc\u00ea pode fazer isso de forma f\u00e1cil, basta entrar em contato conosco que criaremos o tour virtual para voc\u00ea. Mostrar seu projeto arquitet\u00f4nico ou im\u00f3vel em detalhes [&hellip;]<\/p>\n","protected":false},"author":1,"featured_media":0,"parent":0,"menu_order":0,"comment_status":"closed","ping_status":"open","template":"","meta":{"_monsterinsights_skip_tracking":false,"_monsterinsights_sitenote_active":false,"_monsterinsights_sitenote_note":"","_monsterinsights_sitenote_category":0,"site-sidebar-layout":"default","site-content-layout":"","ast-site-content-layout":"default","site-content-style":"default","site-sidebar-style":"default","ast-global-header-display":"","ast-banner-title-visibility":"","ast-main-header-display":"","ast-hfb-above-header-display":"","ast-hfb-below-header-display":"","ast-hfb-mobile-header-display":"","site-post-title":"","ast-breadcrumbs-content":"","ast-featured-img":"","footer-sml-layout":"","ast-disable-related-posts":"","theme-transparent-header-meta":"","adv-header-id-meta":"","stick-header-meta":"","header-above-stick-meta":"","header-main-stick-meta":"","header-below-stick-meta":"","astra-migrate-meta-layouts":"default","ast-page-background-enabled":"default","ast-page-background-meta":{"desktop":{"background-color":"var(--ast-global-color-4)","background-image":"","background-repeat":"repeat","background-position":"center center","background-size":"auto","background-attachment":"scroll","background-type":"","background-media":"","overlay-type":"","overlay-color":"","overlay-opacity":"","overlay-gradient":""},"tablet":{"background-color":"","background-image":"","background-repeat":"repeat","background-position":"center center","background-size":"auto","background-attachment":"scroll","background-type":"","background-media":"","overlay-type":"","overlay-color":"","overlay-opacity":"","overlay-gradient":""},"mobile":{"background-color":"","background-image":"","background-repeat":"repeat","background-position":"center center","background-size":"auto","background-attachment":"scroll","background-type":"","background-media":"","overlay-type":"","overlay-color":"","overlay-opacity":"","overlay-gradient":""}},"ast-content-background-meta":{"desktop":{"background-color":"var(--ast-global-color-5)","background-image":"","background-repeat":"repeat","background-position":"center center","background-size":"auto","background-attachment":"scroll","background-type":"","background-media":"","overlay-type":"","overlay-color":"","overlay-opacity":"","overlay-gradient":""},"tablet":{"background-color":"var(--ast-global-color-5)","background-image":"","background-repeat":"repeat","background-position":"center center","background-size":"auto","background-attachment":"scroll","background-type":"","background-media":"","overlay-type":"","overlay-color":"","overlay-opacity":"","overlay-gradient":""},"mobile":{"background-color":"var(--ast-global-color-5)","background-image":"","background-repeat":"repeat","background-position":"center center","background-size":"auto","background-attachment":"scroll","background-type":"","background-media":"","overlay-type":"","overlay-color":"","overlay-opacity":"","overlay-gradient":""}},"footnotes":""},"class_list":["post-2","page","type-page","status-publish","hentry"],"aioseo_notices":[],"_links":{"self":[{"href":"https:\/\/ep360.com.br\/index.php\/wp-json\/wp\/v2\/pages\/2","targetHints":{"allow":["GET"]}}],"collection":[{"href":"https:\/\/ep360.com.br\/index.php\/wp-json\/wp\/v2\/pages"}],"about":[{"href":"https:\/\/ep360.com.br\/index.php\/wp-json\/wp\/v2\/types\/page"}],"author":[{"embeddable":true,"href":"https:\/\/ep360.com.br\/index.php\/wp-json\/wp\/v2\/users\/1"}],"replies":[{"embeddable":true,"href":"https:\/\/ep360.com.br\/index.php\/wp-json\/wp\/v2\/comments?post=2"}],"version-history":[{"count":21,"href":"https:\/\/ep360.com.br\/index.php\/wp-json\/wp\/v2\/pages\/2\/revisions"}],"predecessor-version":[{"id":323,"href":"https:\/\/ep360.com.br\/index.php\/wp-json\/wp\/v2\/pages\/2\/revisions\/323"}],"wp:attachment":[{"href":"https:\/\/ep360.com.br\/index.php\/wp-json\/wp\/v2\/media?parent=2"}],"curies":[{"name":"wp","href":"https:\/\/api.w.org\/{rel}","templated":true}]}}